{"id":851,"date":"2023-02-21T23:18:40","date_gmt":"2023-02-21T23:18:40","guid":{"rendered":"https:\/\/www.aega.ga\/?page_id=851"},"modified":"2024-03-06T22:01:15","modified_gmt":"2024-03-06T22:01:15","slug":"31-o-aniversario","status":"publish","type":"page","link":"https:\/\/www.aega.pt\/?page_id=851","title":{"rendered":"31.\u00ba anivers\u00e1rio"},"content":{"rendered":"\t\t<div data-elementor-type=\"wp-page\" data-elementor-id=\"851\" class=\"elementor elementor-851\">\n\t\t\t\t\t\t<section class=\"elementor-section elementor-top-section elementor-element elementor-element-1f85b08 elementor-section-boxed elementor-section-height-default elementor-section-height-default\" data-id=\"1f85b08\" data-element_type=\"section\" data-e-type=\"section\">\n\t\t\t\t\t\t<div class=\"elementor-container elementor-column-gap-default\">\n\t\t\t\t\t<div class=\"elementor-column elementor-col-100 elementor-top-column elementor-element elementor-element-3023581\" data-id=\"3023581\" data-element_type=\"column\" data-e-type=\"column\">\n\t\t\t<div class=\"elementor-widget-wrap elementor-element-populated\">\n\t\t\t\t\t\t<div class=\"elementor-element elementor-element-fa013be elementor-widget elementor-widget-heading\" data-id=\"fa013be\" data-element_type=\"widget\" data-e-type=\"widget\" data-widget_type=\"heading.default\">\n\t\t\t\t<div class=\"elementor-widget-container\">\n\t\t\t\t\t<h2 class=\"elementor-heading-title elementor-size-default\">De 1 a  31 de mar\u00e7o oferecemos uma prenda aos nossos clientes<\/h2>\t\t\t\t<\/div>\n\t\t\t\t<\/div>\n\t\t\t\t<div class=\"elementor-element elementor-element-edf5d4d elementor-widget elementor-widget-text-editor\" data-id=\"edf5d4d\" data-element_type=\"widget\" data-e-type=\"widget\" data-widget_type=\"text-editor.default\">\n\t\t\t\t<div class=\"elementor-widget-container\">\n\t\t\t\t\t\t\t\t\t<p>Para assinalar os 31 anos de exist\u00eancia da AEGA todos os servi\u00e7os marcados\u00a0 por clientes particulares durante o m\u00eas de mar\u00e7o tiveram um desconto de 30% na m\u00e3o-de-obra.<\/p><p>Um desconto v\u00e1lido at\u00e9 tr\u00eas horas de m\u00e3o de obra para servi\u00e7os executados durante o m\u00eas de mar\u00e7o e marcados durante o m\u00eas de mar\u00e7o (1 a 31) de 2024, ainda que executados em data posterior.\u00a0<\/p><p>A oferta aplicou-se apenas a clientes particulares.<\/p><p><strong>Obrigado a todos pela confian\u00e7a!<\/strong><\/p><p><span style=\"text-decoration: underline;\">Siga-nos nas redes sociais.<\/span><\/p>\t\t\t\t\t\t\t\t<\/div>\n\t\t\t\t<\/div>\n\t\t\t\t\t<\/div>\n\t\t<\/div>\n\t\t\t\t\t<\/div>\n\t\t<\/section>\n\t\t\t\t<section class=\"elementor-section elementor-top-section elementor-element elementor-element-ca4d38a elementor-section-boxed elementor-section-height-default elementor-section-height-default\" data-id=\"ca4d38a\" data-element_type=\"section\" data-e-type=\"section\">\n\t\t\t\t\t\t<div class=\"elementor-container elementor-column-gap-default\">\n\t\t\t\t\t<div class=\"elementor-column elementor-col-100 elementor-top-column elementor-element elementor-element-db0ec2a\" data-id=\"db0ec2a\" data-element_type=\"column\" data-e-type=\"column\">\n\t\t\t<div class=\"elementor-widget-wrap elementor-element-populated\">\n\t\t\t\t\t\t<div class=\"elementor-element elementor-element-cf438af elementor-shape-rounded elementor-grid-0 e-grid-align-center elementor-widget elementor-widget-social-icons\" data-id=\"cf438af\" data-element_type=\"widget\" data-e-type=\"widget\" data-widget_type=\"social-icons.default\">\n\t\t\t\t<div class=\"elementor-widget-container\">\n\t\t\t\t\t\t\t<div class=\"elementor-social-icons-wrapper elementor-grid\" role=\"list\">\n\t\t\t\t\t\t\t<span class=\"elementor-grid-item\" role=\"listitem\">\n\t\t\t\t\t<a class=\"elementor-icon elementor-social-icon elementor-social-icon-facebook elementor-repeater-item-7eccb9b\" href=\"https:\/\/www.facebook.com\/profile.php?id=100046663973044\" target=\"_blank\" rel=\"noopener\">\n\t\t\t\t\t\t<span class=\"elementor-screen-only\">Facebook<\/span>\n\t\t\t\t\t\t<i aria-hidden=\"true\" class=\"fab fa-facebook\"><\/i>\t\t\t\t\t<\/a>\n\t\t\t\t<\/span>\n\t\t\t\t\t\t\t<span class=\"elementor-grid-item\" role=\"listitem\">\n\t\t\t\t\t<a class=\"elementor-icon elementor-social-icon elementor-social-icon-instagram elementor-repeater-item-1f55410\" href=\"https:\/\/www.instagram.com\/aega.lda\/\" target=\"_blank\" rel=\"noopener\">\n\t\t\t\t\t\t<span class=\"elementor-screen-only\">Instagram<\/span>\n\t\t\t\t\t\t<i aria-hidden=\"true\" class=\"fab fa-instagram\"><\/i>\t\t\t\t\t<\/a>\n\t\t\t\t<\/span>\n\t\t\t\t\t<\/div>\n\t\t\t\t\t\t<\/div>\n\t\t\t\t<\/div>\n\t\t\t\t\t<\/div>\n\t\t<\/div>\n\t\t\t\t\t<\/div>\n\t\t<\/section>\n\t\t\t\t<\/div>\n\t\t","protected":false},"excerpt":{"rendered":"<p>De 1 a 31 de mar\u00e7o oferecemos uma prenda aos nossos clientes Para assinalar os 31 anos de exist\u00eancia da AEGA todos os servi\u00e7os marcados\u00a0 por clientes particulares durante o m\u00eas de mar\u00e7o tiveram um desconto de 30% na m\u00e3o-de-obra. Um desconto v\u00e1lido at\u00e9 tr\u00eas horas de m\u00e3o de obra para servi\u00e7os executados durante o [&hellip;]<\/p>\n","protected":false},"author":2,"featured_media":0,"parent":0,"menu_order":0,"comment_status":"closed","ping_status":"closed","template":"","meta":{"footnotes":""},"class_list":["post-851","page","type-page","status-publish","hentry"],"_links":{"self":[{"href":"https:\/\/www.aega.pt\/index.php?rest_route=\/wp\/v2\/pages\/851","targetHints":{"allow":["GET"]}}],"collection":[{"href":"https:\/\/www.aega.pt\/index.php?rest_route=\/wp\/v2\/pages"}],"about":[{"href":"https:\/\/www.aega.pt\/index.php?rest_route=\/wp\/v2\/types\/page"}],"author":[{"embeddable":true,"href":"https:\/\/www.aega.pt\/index.php?rest_route=\/wp\/v2\/users\/2"}],"replies":[{"embeddable":true,"href":"https:\/\/www.aega.pt\/index.php?rest_route=%2Fwp%2Fv2%2Fcomments&post=851"}],"version-history":[{"count":28,"href":"https:\/\/www.aega.pt\/index.php?rest_route=\/wp\/v2\/pages\/851\/revisions"}],"predecessor-version":[{"id":1095,"href":"https:\/\/www.aega.pt\/index.php?rest_route=\/wp\/v2\/pages\/851\/revisions\/1095"}],"wp:attachment":[{"href":"https:\/\/www.aega.pt\/index.php?rest_route=%2Fwp%2Fv2%2Fmedia&parent=851"}],"curies":[{"name":"wp","href":"https:\/\/api.w.org\/{rel}","templated":true}]}}