{"id":817,"date":"2023-02-21T22:37:52","date_gmt":"2023-02-21T22:37:52","guid":{"rendered":"https:\/\/www.aega.ga\/?page_id=817"},"modified":"2023-02-23T22:36:16","modified_gmt":"2023-02-23T22:36:16","slug":"politica-ambiental-e-centro-de-arbitragem","status":"publish","type":"page","link":"https:\/\/www.aega.pt\/?page_id=817","title":{"rendered":"Pol\u00edtica Ambiental e Centro de Arbitragem"},"content":{"rendered":"\t\t<div data-elementor-type=\"wp-page\" data-elementor-id=\"817\" class=\"elementor elementor-817\">\n\t\t\t\t\t\t<section class=\"elementor-section elementor-top-section elementor-element elementor-element-8f96578 elementor-section-boxed elementor-section-height-default elementor-section-height-default\" data-id=\"8f96578\" data-element_type=\"section\" data-e-type=\"section\">\n\t\t\t\t\t\t<div class=\"elementor-container elementor-column-gap-default\">\n\t\t\t\t\t<div class=\"elementor-column elementor-col-100 elementor-top-column elementor-element elementor-element-5398e46\" data-id=\"5398e46\" data-element_type=\"column\" data-e-type=\"column\">\n\t\t\t<div class=\"elementor-widget-wrap elementor-element-populated\">\n\t\t\t\t\t\t<div class=\"elementor-element elementor-element-a87e7ee elementor-widget elementor-widget-heading\" data-id=\"a87e7ee\" data-element_type=\"widget\" data-e-type=\"widget\" data-widget_type=\"heading.default\">\n\t\t\t\t<div class=\"elementor-widget-container\">\n\t\t\t\t\t<h2 class=\"elementor-heading-title elementor-size-default\">Em parceria com diversas entidades, a AEGA tem em vigor uma rigorosa pol\u00edtica ambiental:<\/h2>\t\t\t\t<\/div>\n\t\t\t\t<\/div>\n\t\t\t\t\t<\/div>\n\t\t<\/div>\n\t\t\t\t\t<\/div>\n\t\t<\/section>\n\t\t\t\t<section class=\"elementor-section elementor-top-section elementor-element elementor-element-57794c0 elementor-section-boxed elementor-section-height-default elementor-section-height-default\" data-id=\"57794c0\" data-element_type=\"section\" data-e-type=\"section\">\n\t\t\t\t\t\t<div class=\"elementor-container elementor-column-gap-default\">\n\t\t\t\t\t<div class=\"elementor-column elementor-col-100 elementor-top-column elementor-element elementor-element-189444e\" data-id=\"189444e\" data-element_type=\"column\" data-e-type=\"column\">\n\t\t\t<div class=\"elementor-widget-wrap elementor-element-populated\">\n\t\t\t\t\t\t<div class=\"elementor-element elementor-element-3504744 elementor-widget elementor-widget-text-editor\" data-id=\"3504744\" data-element_type=\"widget\" data-e-type=\"widget\" data-widget_type=\"text-editor.default\">\n\t\t\t\t<div class=\"elementor-widget-container\">\n\t\t\t\t\t\t\t\t\t<p><strong style=\"font-family: var( --e-global-typography-text-font-family ), Sans-serif;\">1. Pneus. <\/strong><span style=\"font-family: var( --e-global-typography-text-font-family ), Sans-serif;\">A gest\u00e3o de res\u00edduos de pneus \u00e9 da responsabilidade da <\/span><strong style=\"font-family: var( --e-global-typography-text-font-family ), Sans-serif;\"><a href=\"https:\/\/www.valorpneu.pt\/\" target=\"_blank\" rel=\"noopener\">ValorPneu<\/a><\/strong><span style=\"font-family: var( --e-global-typography-text-font-family ), Sans-serif;\">, entidade gestora do Sistema Integrado de Gest\u00e3o de Pneus Usados (SGPU) em funcionamento desde 1 de fevereiro de 2003.<\/span><\/p><p><strong>2. \u00d3leos e lubrificantes. <\/strong>A gest\u00e3o de \u00f3leos lubrificantes usados est\u00e1 a cargo da <strong><a href=\"https:\/\/www.sogilub.pt\/\" target=\"_blank\" rel=\"noopener\">Sogilub, Lda<\/a><\/strong>. Uma parceria para cumprimento das obriga\u00e7\u00f5es legais e ambientais. Mas a AEGA vai muito al\u00e9m das obriga\u00e7\u00f5es legais em mat\u00e9ria de ambiente. Desde 2018 somos um parceiro fidelizado \u00a0da <a href=\"http:\/\/www.naturezaverde.pt\/\" target=\"_blank\" rel=\"noopener\"><strong>Natureza Verde \u2013 Gest\u00e3o de Res\u00edduos<\/strong><\/a>, comprometendo-nos n\u00e3o s\u00f3 a cumprir os requisitos legas, mas tamb\u00e9m a adotar uma pol\u00edtica de melhoria cont\u00ednua no nosso desempenho ambiental.<\/p><p><strong>3. Baterias e acumuladores. <\/strong>A Gest\u00e3o de res\u00edduos de baterias e acumuladores de ve\u00edculos autom\u00f3veis \u00e9 realizada em parceria com a <strong><a href=\"https:\/\/gvb.pt\/2018\/\" target=\"_blank\" rel=\"noopener\">GVB \u2013 Gest\u00e3o e Valoriza\u00e7\u00e3o de Baterias, Lda<\/a><\/strong>, entidade que al\u00e9m de assegurar o cumprimento da legisla\u00e7\u00e3o, regulamenta\u00e7\u00e3o e requisitos em vigor aplic\u00e1veis promove a monitoriza\u00e7\u00e3o e avalia\u00e7\u00e3o de resultados, em busca da melhoria permanente da efic\u00e1cia, e o respeito pela utiliza\u00e7\u00e3o racional dos recursos naturais e pela preven\u00e7\u00e3o da polui\u00e7\u00e3o.<\/p>\t\t\t\t\t\t\t\t<\/div>\n\t\t\t\t<\/div>\n\t\t\t\t<div class=\"elementor-element elementor-element-55fa0e0 elementor-widget elementor-widget-heading\" data-id=\"55fa0e0\" data-element_type=\"widget\" data-e-type=\"widget\" data-widget_type=\"heading.default\">\n\t\t\t\t<div class=\"elementor-widget-container\">\n\t\t\t\t\t<h2 class=\"elementor-heading-title elementor-size-default\">Somos parceiros do Centro de Arbitragem do Setor Autom\u00f3vel<\/h2>\t\t\t\t<\/div>\n\t\t\t\t<\/div>\n\t\t\t\t\t<\/div>\n\t\t<\/div>\n\t\t\t\t\t<\/div>\n\t\t<\/section>\n\t\t\t\t<section class=\"elementor-section elementor-top-section elementor-element elementor-element-38fcb0a elementor-section-boxed elementor-section-height-default elementor-section-height-default\" data-id=\"38fcb0a\" data-element_type=\"section\" data-e-type=\"section\">\n\t\t\t\t\t\t<div class=\"elementor-container elementor-column-gap-default\">\n\t\t\t\t\t<div class=\"elementor-column elementor-col-100 elementor-top-column elementor-element elementor-element-f15a3dc\" data-id=\"f15a3dc\" data-element_type=\"column\" data-e-type=\"column\">\n\t\t\t<div class=\"elementor-widget-wrap elementor-element-populated\">\n\t\t\t\t\t\t<div class=\"elementor-element elementor-element-691dfcf elementor-widget elementor-widget-text-editor\" data-id=\"691dfcf\" data-element_type=\"widget\" data-e-type=\"widget\" data-widget_type=\"text-editor.default\">\n\t\t\t\t<div class=\"elementor-widget-container\">\n\t\t\t\t\t\t\t\t\t<p><strong>Centro de Arbitragem do Setor Autom\u00f3vel. <\/strong>O servi\u00e7o prestado suscita alguma quest\u00e3o? <strong>A nossa pol\u00edtica \u00e9 resolver qualquer problema decorrente dos servi\u00e7os prestados atrav\u00e9s do<\/strong> <strong><a href=\"https:\/\/www.arbitragemauto.pt\/\" target=\"_blank\" rel=\"noopener\">CASA &#8211; Centro de Arbitragem do Setor Autom\u00f3vel<\/a><\/strong>, do qual a AEGA \u00e9 membro aderente desde 2016. Uma certifica\u00e7\u00e3o que garante a aceita\u00e7\u00e3o da media\u00e7\u00e3o, concilia\u00e7\u00e3o e arbitragem como forma de resolu\u00e7\u00e3o de eventuais conflitos. <strong>Consulte <a href=\"https:\/\/www.arbitragemauto.pt\/informacao-util\/perguntas-frequentes-2#s1\" target=\"_blank\" rel=\"noopener\">aqui<\/a> as perguntas mais frequentes para evitar situa\u00e7\u00f5es de conflito.<\/strong><\/p>\t\t\t\t\t\t\t\t<\/div>\n\t\t\t\t<\/div>\n\t\t\t\t\t<\/div>\n\t\t<\/div>\n\t\t\t\t\t<\/div>\n\t\t<\/section>\n\t\t\t\t<section class=\"elementor-section elementor-top-section elementor-element elementor-element-7eb73ad elementor-section-boxed elementor-section-height-default elementor-section-height-default\" data-id=\"7eb73ad\" data-element_type=\"section\" data-e-type=\"section\">\n\t\t\t\t\t\t<div class=\"elementor-container elementor-column-gap-default\">\n\t\t\t\t\t<div class=\"elementor-column elementor-col-100 elementor-top-column elementor-element elementor-element-1e253e6\" data-id=\"1e253e6\" data-element_type=\"column\" data-e-type=\"column\">\n\t\t\t<div class=\"elementor-widget-wrap elementor-element-populated\">\n\t\t\t\t\t\t<div class=\"elementor-element elementor-element-25d8f75 elementor-arrows-position-inside elementor-pagination-position-outside elementor-widget elementor-widget-image-carousel\" data-id=\"25d8f75\" data-element_type=\"widget\" data-e-type=\"widget\" data-settings=\"{&quot;navigation&quot;:&quot;both&quot;,&quot;autoplay&quot;:&quot;yes&quot;,&quot;pause_on_hover&quot;:&quot;yes&quot;,&quot;pause_on_interaction&quot;:&quot;yes&quot;,&quot;autoplay_speed&quot;:5000,&quot;infinite&quot;:&quot;yes&quot;,&quot;speed&quot;:500}\" data-widget_type=\"image-carousel.default\">\n\t\t\t\t<div class=\"elementor-widget-container\">\n\t\t\t\t\t\t\t<div class=\"elementor-image-carousel-wrapper swiper\" role=\"region\" aria-roledescription=\"carousel\" aria-label=\"Image Carousel\" dir=\"ltr\">\n\t\t\t<div class=\"elementor-image-carousel swiper-wrapper\" aria-live=\"off\">\n\t\t\t\t\t\t\t\t<div class=\"swiper-slide\" role=\"group\" aria-roledescription=\"slide\" aria-label=\"1 of 3\"><figure class=\"swiper-slide-inner\"><img decoding=\"async\" class=\"swiper-slide-image\" src=\"https:\/\/www.aega.pt\/wp-content\/uploads\/2023\/02\/SKM_C224e23022011371_0001-150x150.jpg\" alt=\"SKM_C224e23022011371_0001\" \/><\/figure><\/div><div class=\"swiper-slide\" role=\"group\" aria-roledescription=\"slide\" aria-label=\"2 of 3\"><figure class=\"swiper-slide-inner\"><img decoding=\"async\" class=\"swiper-slide-image\" src=\"https:\/\/www.aega.pt\/wp-content\/uploads\/2023\/01\/WhatsApp-Image-2023-01-02-at-19.53.22-150x150.jpeg\" alt=\"WhatsApp Image 2023-01-02 at 19.53.22\" \/><\/figure><\/div><div class=\"swiper-slide\" role=\"group\" aria-roledescription=\"slide\" aria-label=\"3 of 3\"><figure class=\"swiper-slide-inner\"><img decoding=\"async\" class=\"swiper-slide-image\" src=\"https:\/\/www.aega.pt\/wp-content\/uploads\/2023\/02\/SKM_C224e23022011370_0001-150x150.jpg\" alt=\"SKM_C224e23022011370_0001\" \/><\/figure><\/div>\t\t\t<\/div>\n\t\t\t\t\t\t\t\t\t\t\t\t<div class=\"elementor-swiper-button elementor-swiper-button-prev\" role=\"button\" tabindex=\"0\">\n\t\t\t\t\t\t<i aria-hidden=\"true\" class=\"eicon-chevron-left\"><\/i>\t\t\t\t\t<\/div>\n\t\t\t\t\t<div class=\"elementor-swiper-button elementor-swiper-button-next\" role=\"button\" tabindex=\"0\">\n\t\t\t\t\t\t<i aria-hidden=\"true\" class=\"eicon-chevron-right\"><\/i>\t\t\t\t\t<\/div>\n\t\t\t\t\n\t\t\t\t\t\t\t\t\t<div class=\"swiper-pagination\"><\/div>\n\t\t\t\t\t\t\t\t\t<\/div>\n\t\t\t\t\t\t<\/div>\n\t\t\t\t<\/div>\n\t\t\t\t\t<\/div>\n\t\t<\/div>\n\t\t\t\t\t<\/div>\n\t\t<\/section>\n\t\t\t\t<\/div>\n\t\t","protected":false},"excerpt":{"rendered":"<p>Em parceria com diversas entidades, a AEGA tem em vigor uma rigorosa pol\u00edtica ambiental: 1. Pneus. A gest\u00e3o de res\u00edduos de pneus \u00e9 da responsabilidade da ValorPneu, entidade gestora do Sistema Integrado de Gest\u00e3o de Pneus Usados (SGPU) em funcionamento desde 1 de fevereiro de 2003. 2. \u00d3leos e lubrificantes. A gest\u00e3o de \u00f3leos lubrificantes [&hellip;]<\/p>\n","protected":false},"author":2,"featured_media":0,"parent":0,"menu_order":0,"comment_status":"closed","ping_status":"closed","template":"","meta":{"footnotes":""},"class_list":["post-817","page","type-page","status-publish","hentry"],"_links":{"self":[{"href":"https:\/\/www.aega.pt\/index.php?rest_route=\/wp\/v2\/pages\/817","targetHints":{"allow":["GET"]}}],"collection":[{"href":"https:\/\/www.aega.pt\/index.php?rest_route=\/wp\/v2\/pages"}],"about":[{"href":"https:\/\/www.aega.pt\/index.php?rest_route=\/wp\/v2\/types\/page"}],"author":[{"embeddable":true,"href":"https:\/\/www.aega.pt\/index.php?rest_route=\/wp\/v2\/users\/2"}],"replies":[{"embeddable":true,"href":"https:\/\/www.aega.pt\/index.php?rest_route=%2Fwp%2Fv2%2Fcomments&post=817"}],"version-history":[{"count":48,"href":"https:\/\/www.aega.pt\/index.php?rest_route=\/wp\/v2\/pages\/817\/revisions"}],"predecessor-version":[{"id":946,"href":"https:\/\/www.aega.pt\/index.php?rest_route=\/wp\/v2\/pages\/817\/revisions\/946"}],"wp:attachment":[{"href":"https:\/\/www.aega.pt\/index.php?rest_route=%2Fwp%2Fv2%2Fmedia&parent=817"}],"curies":[{"name":"wp","href":"https:\/\/api.w.org\/{rel}","templated":true}]}}