{"id":80,"date":"2021-08-20T10:02:27","date_gmt":"2021-08-20T10:02:27","guid":{"rendered":"https:\/\/www.aega.ga\/?page_id=80"},"modified":"2023-02-28T23:47:33","modified_gmt":"2023-02-28T23:47:33","slug":"vidros","status":"publish","type":"page","link":"https:\/\/www.aega.pt\/?page_id=80","title":{"rendered":"Vidros"},"content":{"rendered":"\t\t<div data-elementor-type=\"wp-page\" data-elementor-id=\"80\" class=\"elementor elementor-80\">\n\t\t\t\t\t\t<section class=\"elementor-section elementor-top-section elementor-element elementor-element-771aa78 elementor-section-boxed elementor-section-height-default elementor-section-height-default\" data-id=\"771aa78\" data-element_type=\"section\" data-e-type=\"section\">\n\t\t\t\t\t\t<div class=\"elementor-container elementor-column-gap-default\">\n\t\t\t\t\t<div class=\"elementor-column elementor-col-100 elementor-top-column elementor-element elementor-element-8a0c67a\" data-id=\"8a0c67a\" data-element_type=\"column\" data-e-type=\"column\">\n\t\t\t<div class=\"elementor-widget-wrap elementor-element-populated\">\n\t\t\t\t\t\t<div class=\"elementor-element elementor-element-85e1430 elementor-widget elementor-widget-text-editor\" data-id=\"85e1430\" data-element_type=\"widget\" data-e-type=\"widget\" data-widget_type=\"text-editor.default\">\n\t\t\t\t<div class=\"elementor-widget-container\">\n\t\t\t\t\t\t\t\t\t<p><strong>A seguran\u00e7a na condu\u00e7\u00e3o exige vidros em bom estado.<\/strong><\/p><p>Sabia que, segundo o artigo 22\u00ba do C\u00f3digo da Estrada, circular numa viatura com o parabrisas estalado pode representar uma coima at\u00e9 249,40 \u20ac? E este \u00e9 apenas o menor dos seus problemas.<\/p><p>Ainda que com dimens\u00f5es reduzidas, uma racha no p\u00e1ra-brisas fragiliza a estrutura da viatura, colocando em causa a resist\u00eancia em caso de colis\u00e3o, incluindo ao n\u00edvel da press\u00e3o exercida pelo sistema de airbag. Por outro lado, pode afetar a visibilidade, interferindo no tempo de resposta do condutor. Nas viaturas com ADAS (<em>Advanced Driver Assistance System<\/em>), um vidro partido pode afetar o funcionamento do sistema.<\/p><p><strong>Se detetou uma fissura n\u00e3o perca tempo. Fale connosco<\/strong>. A equipa de profissionais AEGA est\u00e1 habilitada para intervir na substitui\u00e7\u00e3o de vidros com a m\u00e1xima rapidez e garantia de qualidade.<\/p><p><strong>Tem seguro com quebra isolada de vidros?<\/strong> Articulamos com a seguradora para accionar substitui\u00e7\u00e3o. Deixe essa preocupa\u00e7\u00e3o connosco. <strong>Fa\u00e7a o seu pedido <a href=\"https:\/\/www.aega.pt\/?page_id=59\">aqui<\/a>.<\/strong><\/p>\t\t\t\t\t\t\t\t<\/div>\n\t\t\t\t<\/div>\n\t\t\t\t\t<\/div>\n\t\t<\/div>\n\t\t\t\t\t<\/div>\n\t\t<\/section>\n\t\t\t\t<section class=\"elementor-section elementor-top-section elementor-element elementor-element-99bdaa1 elementor-section-boxed elementor-section-height-default elementor-section-height-default\" data-id=\"99bdaa1\" data-element_type=\"section\" data-e-type=\"section\">\n\t\t\t\t\t\t<div class=\"elementor-container elementor-column-gap-default\">\n\t\t\t\t\t<div class=\"elementor-column elementor-col-100 elementor-top-column elementor-element elementor-element-b39fcb9\" data-id=\"b39fcb9\" data-element_type=\"column\" data-e-type=\"column\">\n\t\t\t<div class=\"elementor-widget-wrap elementor-element-populated\">\n\t\t\t\t\t\t<div class=\"elementor-element elementor-element-de3b5aa elementor-widget elementor-widget-image\" data-id=\"de3b5aa\" data-element_type=\"widget\" data-e-type=\"widget\" data-widget_type=\"image.default\">\n\t\t\t\t<div class=\"elementor-widget-container\">\n\t\t\t\t\t\t\t\t\t\t\t\t\t\t\t<img decoding=\"async\" src=\"https:\/\/www.aega.pt\/wp-content\/uploads\/2023\/01\/pexels-artyom-kulakov-2265634-150x150.jpg\" title=\"pexels-artyom-kulakov-2265634\" alt=\"pexels-artyom-kulakov-2265634\" loading=\"lazy\" \/>\t\t\t\t\t\t\t\t\t\t\t\t\t\t\t<\/div>\n\t\t\t\t<\/div>\n\t\t\t\t\t<\/div>\n\t\t<\/div>\n\t\t\t\t\t<\/div>\n\t\t<\/section>\n\t\t\t\t<\/div>\n\t\t","protected":false},"excerpt":{"rendered":"<p>A seguran\u00e7a na condu\u00e7\u00e3o exige vidros em bom estado. Sabia que, segundo o artigo 22\u00ba do C\u00f3digo da Estrada, circular numa viatura com o parabrisas estalado pode representar uma coima at\u00e9 249,40 \u20ac? E este \u00e9 apenas o menor dos seus problemas. Ainda que com dimens\u00f5es reduzidas, uma racha no p\u00e1ra-brisas fragiliza a estrutura da [&hellip;]<\/p>\n","protected":false},"author":1,"featured_media":0,"parent":0,"menu_order":0,"comment_status":"closed","ping_status":"closed","template":"","meta":{"footnotes":""},"class_list":["post-80","page","type-page","status-publish","hentry"],"_links":{"self":[{"href":"https:\/\/www.aega.pt\/index.php?rest_route=\/wp\/v2\/pages\/80","targetHints":{"allow":["GET"]}}],"collection":[{"href":"https:\/\/www.aega.pt\/index.php?rest_route=\/wp\/v2\/pages"}],"about":[{"href":"https:\/\/www.aega.pt\/index.php?rest_route=\/wp\/v2\/types\/page"}],"author":[{"embeddable":true,"href":"https:\/\/www.aega.pt\/index.php?rest_route=\/wp\/v2\/users\/1"}],"replies":[{"embeddable":true,"href":"https:\/\/www.aega.pt\/index.php?rest_route=%2Fwp%2Fv2%2Fcomments&post=80"}],"version-history":[{"count":19,"href":"https:\/\/www.aega.pt\/index.php?rest_route=\/wp\/v2\/pages\/80\/revisions"}],"predecessor-version":[{"id":1014,"href":"https:\/\/www.aega.pt\/index.php?rest_route=\/wp\/v2\/pages\/80\/revisions\/1014"}],"wp:attachment":[{"href":"https:\/\/www.aega.pt\/index.php?rest_route=%2Fwp%2Fv2%2Fmedia&parent=80"}],"curies":[{"name":"wp","href":"https:\/\/api.w.org\/{rel}","templated":true}]}}