{"id":78,"date":"2021-08-20T10:02:26","date_gmt":"2021-08-20T10:02:26","guid":{"rendered":"https:\/\/www.aega.ga\/?page_id=78"},"modified":"2023-02-28T23:46:19","modified_gmt":"2023-02-28T23:46:19","slug":"pneus","status":"publish","type":"page","link":"https:\/\/www.aega.pt\/?page_id=78","title":{"rendered":"Pneus"},"content":{"rendered":"\t\t<div data-elementor-type=\"wp-page\" data-elementor-id=\"78\" class=\"elementor elementor-78\">\n\t\t\t\t\t\t<section class=\"elementor-section elementor-top-section elementor-element elementor-element-4d05058 elementor-section-boxed elementor-section-height-default elementor-section-height-default\" data-id=\"4d05058\" data-element_type=\"section\" data-e-type=\"section\">\n\t\t\t\t\t\t<div class=\"elementor-container elementor-column-gap-default\">\n\t\t\t\t\t<div class=\"elementor-column elementor-col-100 elementor-top-column elementor-element elementor-element-bc3f91d\" data-id=\"bc3f91d\" data-element_type=\"column\" data-e-type=\"column\">\n\t\t\t<div class=\"elementor-widget-wrap elementor-element-populated\">\n\t\t\t\t\t\t<div class=\"elementor-element elementor-element-8372960 elementor-widget elementor-widget-heading\" data-id=\"8372960\" data-element_type=\"widget\" data-e-type=\"widget\" data-widget_type=\"heading.default\">\n\t\t\t\t<div class=\"elementor-widget-container\">\n\t\t\t\t\t<h2 class=\"elementor-heading-title elementor-size-default\">Qual \u00e9 o segredo de uma boa condu\u00e7\u00e3o?<\/h2>\t\t\t\t<\/div>\n\t\t\t\t<\/div>\n\t\t\t\t\t<\/div>\n\t\t<\/div>\n\t\t\t\t\t<\/div>\n\t\t<\/section>\n\t\t\t\t<section class=\"elementor-section elementor-top-section elementor-element elementor-element-fc66e6e elementor-section-boxed elementor-section-height-default elementor-section-height-default\" data-id=\"fc66e6e\" data-element_type=\"section\" data-e-type=\"section\">\n\t\t\t\t\t\t<div class=\"elementor-container elementor-column-gap-default\">\n\t\t\t\t\t<div class=\"elementor-column elementor-col-100 elementor-top-column elementor-element elementor-element-c28f9e6\" data-id=\"c28f9e6\" data-element_type=\"column\" data-e-type=\"column\">\n\t\t\t<div class=\"elementor-widget-wrap elementor-element-populated\">\n\t\t\t\t\t\t<div class=\"elementor-element elementor-element-e783761 elementor-widget elementor-widget-text-editor\" data-id=\"e783761\" data-element_type=\"widget\" data-e-type=\"widget\" data-widget_type=\"text-editor.default\">\n\t\t\t\t<div class=\"elementor-widget-container\">\n\t\t\t\t\t\t\t\t\t<p><strong>Al\u00e9m de uma boa manuten\u00e7\u00e3o, os pneus em bom estado.<\/strong><\/p><p>Verifique regularmente o estado do piso e a press\u00e3o dos pneus e n\u00e3o facilite.<\/p><p>Quando atingir a marca de seguran\u00e7a contacte-nos e pe\u00e7a o or\u00e7amento. Poupa combust\u00edvel e a viatura agradece.<\/p><p>Garantimos a melhor rela\u00e7\u00e3o qualidade-pre\u00e7o e toda a rapidez na troca com equilibragem de rodas e alinhamento de dire\u00e7\u00e3o.<\/p><p>Conte com a equipa AEGA.\u00a0<\/p><p>Servi\u00e7o de repara\u00e7\u00e3o de furos, substitui\u00e7\u00e3o de pneus, equilibragem, calibragem e alinhamento de dire\u00e7\u00e3o. <strong>Marque j\u00e1 <a href=\"https:\/\/www.aega.pt\/?page_id=59\">aqui<\/a><\/strong><\/p>\t\t\t\t\t\t\t\t<\/div>\n\t\t\t\t<\/div>\n\t\t\t\t\t<\/div>\n\t\t<\/div>\n\t\t\t\t\t<\/div>\n\t\t<\/section>\n\t\t\t\t<section class=\"elementor-section elementor-top-section elementor-element elementor-element-32c1b71 elementor-section-boxed elementor-section-height-default elementor-section-height-default\" data-id=\"32c1b71\" data-element_type=\"section\" data-e-type=\"section\">\n\t\t\t\t\t\t<div class=\"elementor-container elementor-column-gap-default\">\n\t\t\t\t\t<div class=\"elementor-column elementor-col-100 elementor-top-column elementor-element elementor-element-c34fa90\" data-id=\"c34fa90\" data-element_type=\"column\" data-e-type=\"column\">\n\t\t\t<div class=\"elementor-widget-wrap elementor-element-populated\">\n\t\t\t\t\t\t<div class=\"elementor-element elementor-element-faf36fd elementor-arrows-position-inside elementor-pagination-position-outside elementor-widget elementor-widget-image-carousel\" data-id=\"faf36fd\" data-element_type=\"widget\" data-e-type=\"widget\" data-settings=\"{&quot;navigation&quot;:&quot;both&quot;,&quot;autoplay&quot;:&quot;yes&quot;,&quot;pause_on_hover&quot;:&quot;yes&quot;,&quot;pause_on_interaction&quot;:&quot;yes&quot;,&quot;autoplay_speed&quot;:5000,&quot;infinite&quot;:&quot;yes&quot;,&quot;speed&quot;:500}\" data-widget_type=\"image-carousel.default\">\n\t\t\t\t<div class=\"elementor-widget-container\">\n\t\t\t\t\t\t\t<div class=\"elementor-image-carousel-wrapper swiper\" role=\"region\" aria-roledescription=\"carousel\" aria-label=\"Image Carousel\" dir=\"ltr\">\n\t\t\t<div class=\"elementor-image-carousel swiper-wrapper\" aria-live=\"off\">\n\t\t\t\t\t\t\t\t<div class=\"swiper-slide\" role=\"group\" aria-roledescription=\"slide\" aria-label=\"1 of 5\"><figure class=\"swiper-slide-inner\"><img decoding=\"async\" class=\"swiper-slide-image\" src=\"https:\/\/www.aega.pt\/wp-content\/uploads\/2023\/01\/pexels-andrea-piacquadio-3806249-1-150x150.jpg\" alt=\"pexels-andrea-piacquadio-3806249\" \/><\/figure><\/div><div class=\"swiper-slide\" role=\"group\" aria-roledescription=\"slide\" aria-label=\"2 of 5\"><figure class=\"swiper-slide-inner\"><img decoding=\"async\" class=\"swiper-slide-image\" src=\"https:\/\/www.aega.pt\/wp-content\/uploads\/2023\/01\/pexels-gustavo-fring-6870316-150x150.jpg\" alt=\"pexels-gustavo-fring-6870316\" \/><\/figure><\/div><div class=\"swiper-slide\" role=\"group\" aria-roledescription=\"slide\" aria-label=\"3 of 5\"><figure class=\"swiper-slide-inner\"><img decoding=\"async\" class=\"swiper-slide-image\" src=\"https:\/\/www.aega.pt\/wp-content\/uploads\/2023\/01\/pexels-gerd-altmann-21694-150x150.jpg\" alt=\"pexels-gerd-altmann-21694\" \/><\/figure><\/div><div class=\"swiper-slide\" role=\"group\" aria-roledescription=\"slide\" aria-label=\"4 of 5\"><figure class=\"swiper-slide-inner\"><img decoding=\"async\" class=\"swiper-slide-image\" src=\"https:\/\/www.aega.pt\/wp-content\/uploads\/2023\/01\/pexels-andrea-piacquadio-3807386-150x150.jpg\" alt=\"pexels-andrea-piacquadio-3807386\" \/><\/figure><\/div><div class=\"swiper-slide\" role=\"group\" aria-roledescription=\"slide\" aria-label=\"5 of 5\"><figure class=\"swiper-slide-inner\"><img decoding=\"async\" class=\"swiper-slide-image\" src=\"https:\/\/www.aega.pt\/wp-content\/uploads\/2023\/01\/pexels-artem-podrez-8986177-150x150.jpg\" alt=\"pexels-artem-podrez-8986177\" \/><\/figure><\/div>\t\t\t<\/div>\n\t\t\t\t\t\t\t\t\t\t\t\t<div class=\"elementor-swiper-button elementor-swiper-button-prev\" role=\"button\" tabindex=\"0\">\n\t\t\t\t\t\t<i aria-hidden=\"true\" class=\"eicon-chevron-left\"><\/i>\t\t\t\t\t<\/div>\n\t\t\t\t\t<div class=\"elementor-swiper-button elementor-swiper-button-next\" role=\"button\" tabindex=\"0\">\n\t\t\t\t\t\t<i aria-hidden=\"true\" class=\"eicon-chevron-right\"><\/i>\t\t\t\t\t<\/div>\n\t\t\t\t\n\t\t\t\t\t\t\t\t\t<div class=\"swiper-pagination\"><\/div>\n\t\t\t\t\t\t\t\t\t<\/div>\n\t\t\t\t\t\t<\/div>\n\t\t\t\t<\/div>\n\t\t\t\t\t<\/div>\n\t\t<\/div>\n\t\t\t\t\t<\/div>\n\t\t<\/section>\n\t\t\t\t<\/div>\n\t\t","protected":false},"excerpt":{"rendered":"<p>Qual \u00e9 o segredo de uma boa condu\u00e7\u00e3o? Al\u00e9m de uma boa manuten\u00e7\u00e3o, os pneus em bom estado. Verifique regularmente o estado do piso e a press\u00e3o dos pneus e n\u00e3o facilite. Quando atingir a marca de seguran\u00e7a contacte-nos e pe\u00e7a o or\u00e7amento. Poupa combust\u00edvel e a viatura agradece. Garantimos a melhor rela\u00e7\u00e3o qualidade-pre\u00e7o e [&hellip;]<\/p>\n","protected":false},"author":1,"featured_media":0,"parent":0,"menu_order":0,"comment_status":"closed","ping_status":"closed","template":"","meta":{"footnotes":""},"class_list":["post-78","page","type-page","status-publish","hentry"],"_links":{"self":[{"href":"https:\/\/www.aega.pt\/index.php?rest_route=\/wp\/v2\/pages\/78","targetHints":{"allow":["GET"]}}],"collection":[{"href":"https:\/\/www.aega.pt\/index.php?rest_route=\/wp\/v2\/pages"}],"about":[{"href":"https:\/\/www.aega.pt\/index.php?rest_route=\/wp\/v2\/types\/page"}],"author":[{"embeddable":true,"href":"https:\/\/www.aega.pt\/index.php?rest_route=\/wp\/v2\/users\/1"}],"replies":[{"embeddable":true,"href":"https:\/\/www.aega.pt\/index.php?rest_route=%2Fwp%2Fv2%2Fcomments&post=78"}],"version-history":[{"count":25,"href":"https:\/\/www.aega.pt\/index.php?rest_route=\/wp\/v2\/pages\/78\/revisions"}],"predecessor-version":[{"id":1008,"href":"https:\/\/www.aega.pt\/index.php?rest_route=\/wp\/v2\/pages\/78\/revisions\/1008"}],"wp:attachment":[{"href":"https:\/\/www.aega.pt\/index.php?rest_route=%2Fwp%2Fv2%2Fmedia&parent=78"}],"curies":[{"name":"wp","href":"https:\/\/api.w.org\/{rel}","templated":true}]}}