{"id":663,"date":"2023-01-18T22:35:16","date_gmt":"2023-01-18T22:35:16","guid":{"rendered":"https:\/\/www.aega.ga\/?page_id=663"},"modified":"2023-02-28T23:41:42","modified_gmt":"2023-02-28T23:41:42","slug":"ar-condicionado","status":"publish","type":"page","link":"https:\/\/www.aega.pt\/?page_id=663","title":{"rendered":"Ar condicionado"},"content":{"rendered":"\t\t<div data-elementor-type=\"wp-page\" data-elementor-id=\"663\" class=\"elementor elementor-663\">\n\t\t\t\t\t\t<section class=\"elementor-section elementor-top-section elementor-element elementor-element-d212260 elementor-section-boxed elementor-section-height-default elementor-section-height-default\" data-id=\"d212260\" data-element_type=\"section\" data-e-type=\"section\">\n\t\t\t\t\t\t<div class=\"elementor-container elementor-column-gap-default\">\n\t\t\t\t\t<div class=\"elementor-column elementor-col-100 elementor-top-column elementor-element elementor-element-ce10a82\" data-id=\"ce10a82\" data-element_type=\"column\" data-e-type=\"column\">\n\t\t\t<div class=\"elementor-widget-wrap elementor-element-populated\">\n\t\t\t\t\t\t<div class=\"elementor-element elementor-element-f4f62ee elementor-widget elementor-widget-heading\" data-id=\"f4f62ee\" data-element_type=\"widget\" data-e-type=\"widget\" data-widget_type=\"heading.default\">\n\t\t\t\t<div class=\"elementor-widget-container\">\n\t\t\t\t\t<h2 class=\"elementor-heading-title elementor-size-default\">O conforto t\u00e9rmico dentro do seu ve\u00edculo \u00e9 fundamental.<\/h2>\t\t\t\t<\/div>\n\t\t\t\t<\/div>\n\t\t\t\t\t<\/div>\n\t\t<\/div>\n\t\t\t\t\t<\/div>\n\t\t<\/section>\n\t\t\t\t<section class=\"elementor-section elementor-top-section elementor-element elementor-element-7211f33 elementor-section-boxed elementor-section-height-default elementor-section-height-default\" data-id=\"7211f33\" data-element_type=\"section\" data-e-type=\"section\">\n\t\t\t\t\t\t<div class=\"elementor-container elementor-column-gap-default\">\n\t\t\t\t\t<div class=\"elementor-column elementor-col-100 elementor-top-column elementor-element elementor-element-562b187\" data-id=\"562b187\" data-element_type=\"column\" data-e-type=\"column\">\n\t\t\t<div class=\"elementor-widget-wrap elementor-element-populated\">\n\t\t\t\t\t\t<div class=\"elementor-element elementor-element-cedb1b9 elementor-widget elementor-widget-text-editor\" data-id=\"cedb1b9\" data-element_type=\"widget\" data-e-type=\"widget\" data-widget_type=\"text-editor.default\">\n\t\t\t\t<div class=\"elementor-widget-container\">\n\t\t\t\t\t\t\t\t\t<p>Quando o frio ou o calor se fazem sentir de forma mais acentuada, o ar condicionado \u00e9 uma ferramenta indispens\u00e1vel.\u00a0<span style=\"font-family: var( --e-global-typography-text-font-family ), Sans-serif;\">Sabia que a cada dois anos \u00e9 importante fazer o teste de carga para evitar problemas? <strong>Contacte <a href=\"https:\/\/www.aega.pt\/?page_id=59\">aqui<\/a> os nossos servi\u00e7os<\/strong> e tenha o ar-condicionado a funcionar sempre na perfei\u00e7\u00e3o.<\/span><\/p>\t\t\t\t\t\t\t\t<\/div>\n\t\t\t\t<\/div>\n\t\t\t\t\t<\/div>\n\t\t<\/div>\n\t\t\t\t\t<\/div>\n\t\t<\/section>\n\t\t\t\t<section class=\"elementor-section elementor-top-section elementor-element elementor-element-899492b elementor-section-boxed elementor-section-height-default elementor-section-height-default\" data-id=\"899492b\" data-element_type=\"section\" data-e-type=\"section\">\n\t\t\t\t\t\t<div class=\"elementor-container elementor-column-gap-default\">\n\t\t\t\t\t<div class=\"elementor-column elementor-col-100 elementor-top-column elementor-element elementor-element-3d57d20\" data-id=\"3d57d20\" data-element_type=\"column\" data-e-type=\"column\">\n\t\t\t<div class=\"elementor-widget-wrap elementor-element-populated\">\n\t\t\t\t\t\t<div class=\"elementor-element elementor-element-0a5f323 elementor-widget elementor-widget-image\" data-id=\"0a5f323\" data-element_type=\"widget\" data-e-type=\"widget\" data-widget_type=\"image.default\">\n\t\t\t\t<div class=\"elementor-widget-container\">\n\t\t\t\t\t\t\t\t\t\t\t\t\t\t\t<img fetchpriority=\"high\" decoding=\"async\" width=\"2000\" height=\"1333\" src=\"https:\/\/www.aega.pt\/wp-content\/uploads\/2023\/01\/pexels-midia-4116207.jpg\" class=\"attachment-2048x2048 size-2048x2048 wp-image-462\" alt=\"\" srcset=\"https:\/\/www.aega.pt\/wp-content\/uploads\/2023\/01\/pexels-midia-4116207.jpg 2000w, https:\/\/www.aega.pt\/wp-content\/uploads\/2023\/01\/pexels-midia-4116207-300x200.jpg 300w, https:\/\/www.aega.pt\/wp-content\/uploads\/2023\/01\/pexels-midia-4116207-1024x682.jpg 1024w, https:\/\/www.aega.pt\/wp-content\/uploads\/2023\/01\/pexels-midia-4116207-768x512.jpg 768w, https:\/\/www.aega.pt\/wp-content\/uploads\/2023\/01\/pexels-midia-4116207-1536x1024.jpg 1536w\" sizes=\"(max-width: 2000px) 100vw, 2000px\" \/>\t\t\t\t\t\t\t\t\t\t\t\t\t\t\t<\/div>\n\t\t\t\t<\/div>\n\t\t\t\t\t<\/div>\n\t\t<\/div>\n\t\t\t\t\t<\/div>\n\t\t<\/section>\n\t\t\t\t<\/div>\n\t\t","protected":false},"excerpt":{"rendered":"<p>O conforto t\u00e9rmico dentro do seu ve\u00edculo \u00e9 fundamental. Quando o frio ou o calor se fazem sentir de forma mais acentuada, o ar condicionado \u00e9 uma ferramenta indispens\u00e1vel.\u00a0Sabia que a cada dois anos \u00e9 importante fazer o teste de carga para evitar problemas? Contacte aqui os nossos servi\u00e7os e tenha o ar-condicionado a funcionar [&hellip;]<\/p>\n","protected":false},"author":2,"featured_media":0,"parent":0,"menu_order":0,"comment_status":"closed","ping_status":"closed","template":"","meta":{"footnotes":""},"class_list":["post-663","page","type-page","status-publish","hentry"],"_links":{"self":[{"href":"https:\/\/www.aega.pt\/index.php?rest_route=\/wp\/v2\/pages\/663","targetHints":{"allow":["GET"]}}],"collection":[{"href":"https:\/\/www.aega.pt\/index.php?rest_route=\/wp\/v2\/pages"}],"about":[{"href":"https:\/\/www.aega.pt\/index.php?rest_route=\/wp\/v2\/types\/page"}],"author":[{"embeddable":true,"href":"https:\/\/www.aega.pt\/index.php?rest_route=\/wp\/v2\/users\/2"}],"replies":[{"embeddable":true,"href":"https:\/\/www.aega.pt\/index.php?rest_route=%2Fwp%2Fv2%2Fcomments&post=663"}],"version-history":[{"count":17,"href":"https:\/\/www.aega.pt\/index.php?rest_route=\/wp\/v2\/pages\/663\/revisions"}],"predecessor-version":[{"id":996,"href":"https:\/\/www.aega.pt\/index.php?rest_route=\/wp\/v2\/pages\/663\/revisions\/996"}],"wp:attachment":[{"href":"https:\/\/www.aega.pt\/index.php?rest_route=%2Fwp%2Fv2%2Fmedia&parent=663"}],"curies":[{"name":"wp","href":"https:\/\/api.w.org\/{rel}","templated":true}]}}