{"id":652,"date":"2023-01-18T22:28:49","date_gmt":"2023-01-18T22:28:49","guid":{"rendered":"https:\/\/www.aega.ga\/?page_id=652"},"modified":"2023-02-28T23:42:58","modified_gmt":"2023-02-28T23:42:58","slug":"eletricidade","status":"publish","type":"page","link":"https:\/\/www.aega.pt\/?page_id=652","title":{"rendered":"Eletricidade"},"content":{"rendered":"\t\t<div data-elementor-type=\"wp-page\" data-elementor-id=\"652\" class=\"elementor elementor-652\">\n\t\t\t\t\t\t<section class=\"elementor-section elementor-top-section elementor-element elementor-element-e8158e5 elementor-section-boxed elementor-section-height-default elementor-section-height-default\" data-id=\"e8158e5\" data-element_type=\"section\" data-e-type=\"section\">\n\t\t\t\t\t\t<div class=\"elementor-container elementor-column-gap-default\">\n\t\t\t\t\t<div class=\"elementor-column elementor-col-100 elementor-top-column elementor-element elementor-element-b4d4d88\" data-id=\"b4d4d88\" data-element_type=\"column\" data-e-type=\"column\">\n\t\t\t<div class=\"elementor-widget-wrap elementor-element-populated\">\n\t\t\t\t\t\t<div class=\"elementor-element elementor-element-b2f79b9 elementor-widget elementor-widget-heading\" data-id=\"b2f79b9\" data-element_type=\"widget\" data-e-type=\"widget\" data-widget_type=\"heading.default\">\n\t\t\t\t<div class=\"elementor-widget-container\">\n\t\t\t\t\t<h2 class=\"elementor-heading-title elementor-size-default\">Um problema el\u00e9trico afeta o funcionamento da sua viatura?<\/h2>\t\t\t\t<\/div>\n\t\t\t\t<\/div>\n\t\t\t\t\t<\/div>\n\t\t<\/div>\n\t\t\t\t\t<\/div>\n\t\t<\/section>\n\t\t\t\t<section class=\"elementor-section elementor-top-section elementor-element elementor-element-6c6c97e elementor-section-boxed elementor-section-height-default elementor-section-height-default\" data-id=\"6c6c97e\" data-element_type=\"section\" data-e-type=\"section\">\n\t\t\t\t\t\t<div class=\"elementor-container elementor-column-gap-default\">\n\t\t\t\t\t<div class=\"elementor-column elementor-col-100 elementor-top-column elementor-element elementor-element-c5cc061\" data-id=\"c5cc061\" data-element_type=\"column\" data-e-type=\"column\">\n\t\t\t<div class=\"elementor-widget-wrap elementor-element-populated\">\n\t\t\t\t\t\t<div class=\"elementor-element elementor-element-9de368b elementor-widget elementor-widget-text-editor\" data-id=\"9de368b\" data-element_type=\"widget\" data-e-type=\"widget\" data-widget_type=\"text-editor.default\">\n\t\t\t\t<div class=\"elementor-widget-container\">\n\t\t\t\t\t\t\t\t\t<p>Com uma vasta experi\u00eancia neste campo e dotada dos equipamentos mais avan\u00e7ados do ponto de vista tecnol\u00f3gico, a nossa equipa est\u00e1 preparada para efetuar o diagn\u00f3stico\u00a0 das avarias el\u00e9tricas\u00a0 mais complexas. <strong>Pe\u00e7a <a href=\"https:\/\/www.aega.pt\/?page_id=59\">aqui<\/a> o diagn\u00f3stico \u00e0 sua viatura.\u00a0<\/strong><\/p>\t\t\t\t\t\t\t\t<\/div>\n\t\t\t\t<\/div>\n\t\t\t\t\t<\/div>\n\t\t<\/div>\n\t\t\t\t\t<\/div>\n\t\t<\/section>\n\t\t\t\t<section class=\"elementor-section elementor-top-section elementor-element elementor-element-351c9ea elementor-section-boxed elementor-section-height-default elementor-section-height-default\" data-id=\"351c9ea\" data-element_type=\"section\" data-e-type=\"section\">\n\t\t\t\t\t\t<div class=\"elementor-container elementor-column-gap-default\">\n\t\t\t\t\t<div class=\"elementor-column elementor-col-100 elementor-top-column elementor-element elementor-element-40619af\" data-id=\"40619af\" data-element_type=\"column\" data-e-type=\"column\">\n\t\t\t<div class=\"elementor-widget-wrap elementor-element-populated\">\n\t\t\t\t\t\t<div class=\"elementor-element elementor-element-30e3df4 elementor-widget elementor-widget-image\" data-id=\"30e3df4\" data-element_type=\"widget\" data-e-type=\"widget\" data-widget_type=\"image.default\">\n\t\t\t\t<div class=\"elementor-widget-container\">\n\t\t\t\t\t\t\t\t\t\t\t\t\t\t\t<img fetchpriority=\"high\" decoding=\"async\" width=\"2000\" height=\"1333\" src=\"https:\/\/www.aega.pt\/wp-content\/uploads\/2023\/01\/pexels-midia-4116193.jpg\" class=\"attachment-2048x2048 size-2048x2048 wp-image-461\" alt=\"\" srcset=\"https:\/\/www.aega.pt\/wp-content\/uploads\/2023\/01\/pexels-midia-4116193.jpg 2000w, https:\/\/www.aega.pt\/wp-content\/uploads\/2023\/01\/pexels-midia-4116193-300x200.jpg 300w, https:\/\/www.aega.pt\/wp-content\/uploads\/2023\/01\/pexels-midia-4116193-1024x682.jpg 1024w, https:\/\/www.aega.pt\/wp-content\/uploads\/2023\/01\/pexels-midia-4116193-768x512.jpg 768w, https:\/\/www.aega.pt\/wp-content\/uploads\/2023\/01\/pexels-midia-4116193-1536x1024.jpg 1536w\" sizes=\"(max-width: 2000px) 100vw, 2000px\" \/>\t\t\t\t\t\t\t\t\t\t\t\t\t\t\t<\/div>\n\t\t\t\t<\/div>\n\t\t\t\t\t<\/div>\n\t\t<\/div>\n\t\t\t\t\t<\/div>\n\t\t<\/section>\n\t\t\t\t<\/div>\n\t\t","protected":false},"excerpt":{"rendered":"<p>Um problema el\u00e9trico afeta o funcionamento da sua viatura? Com uma vasta experi\u00eancia neste campo e dotada dos equipamentos mais avan\u00e7ados do ponto de vista tecnol\u00f3gico, a nossa equipa est\u00e1 preparada para efetuar o diagn\u00f3stico\u00a0 das avarias el\u00e9tricas\u00a0 mais complexas. Pe\u00e7a aqui o diagn\u00f3stico \u00e0 sua viatura.\u00a0<\/p>\n","protected":false},"author":2,"featured_media":0,"parent":0,"menu_order":0,"comment_status":"closed","ping_status":"closed","template":"","meta":{"footnotes":""},"class_list":["post-652","page","type-page","status-publish","hentry"],"_links":{"self":[{"href":"https:\/\/www.aega.pt\/index.php?rest_route=\/wp\/v2\/pages\/652","targetHints":{"allow":["GET"]}}],"collection":[{"href":"https:\/\/www.aega.pt\/index.php?rest_route=\/wp\/v2\/pages"}],"about":[{"href":"https:\/\/www.aega.pt\/index.php?rest_route=\/wp\/v2\/types\/page"}],"author":[{"embeddable":true,"href":"https:\/\/www.aega.pt\/index.php?rest_route=\/wp\/v2\/users\/2"}],"replies":[{"embeddable":true,"href":"https:\/\/www.aega.pt\/index.php?rest_route=%2Fwp%2Fv2%2Fcomments&post=652"}],"version-history":[{"count":17,"href":"https:\/\/www.aega.pt\/index.php?rest_route=\/wp\/v2\/pages\/652\/revisions"}],"predecessor-version":[{"id":1002,"href":"https:\/\/www.aega.pt\/index.php?rest_route=\/wp\/v2\/pages\/652\/revisions\/1002"}],"wp:attachment":[{"href":"https:\/\/www.aega.pt\/index.php?rest_route=%2Fwp%2Fv2%2Fmedia&parent=652"}],"curies":[{"name":"wp","href":"https:\/\/api.w.org\/{rel}","templated":true}]}}