{"id":635,"date":"2023-01-18T22:22:16","date_gmt":"2023-01-18T22:22:16","guid":{"rendered":"https:\/\/www.aega.ga\/?page_id=635"},"modified":"2023-02-28T23:44:06","modified_gmt":"2023-02-28T23:44:06","slug":"mecanica","status":"publish","type":"page","link":"https:\/\/www.aega.pt\/?page_id=635","title":{"rendered":"Mec\u00e2nica"},"content":{"rendered":"\t\t<div data-elementor-type=\"wp-page\" data-elementor-id=\"635\" class=\"elementor elementor-635\">\n\t\t\t\t\t\t<section class=\"elementor-section elementor-top-section elementor-element elementor-element-f65488e elementor-section-boxed elementor-section-height-default elementor-section-height-default\" data-id=\"f65488e\" data-element_type=\"section\" data-e-type=\"section\">\n\t\t\t\t\t\t<div class=\"elementor-container elementor-column-gap-default\">\n\t\t\t\t\t<div class=\"elementor-column elementor-col-100 elementor-top-column elementor-element elementor-element-0d89dcb\" data-id=\"0d89dcb\" data-element_type=\"column\" data-e-type=\"column\">\n\t\t\t<div class=\"elementor-widget-wrap elementor-element-populated\">\n\t\t\t\t\t\t<div class=\"elementor-element elementor-element-6358212 elementor-widget elementor-widget-heading\" data-id=\"6358212\" data-element_type=\"widget\" data-e-type=\"widget\" data-widget_type=\"heading.default\">\n\t\t\t\t<div class=\"elementor-widget-container\">\n\t\t\t\t\t<h2 class=\"elementor-heading-title elementor-size-default\">Surgiu uma avaria? Conte connosco.<\/h2>\t\t\t\t<\/div>\n\t\t\t\t<\/div>\n\t\t\t\t\t<\/div>\n\t\t<\/div>\n\t\t\t\t\t<\/div>\n\t\t<\/section>\n\t\t\t\t<section class=\"elementor-section elementor-top-section elementor-element elementor-element-ae8c78c elementor-section-boxed elementor-section-height-default elementor-section-height-default\" data-id=\"ae8c78c\" data-element_type=\"section\" data-e-type=\"section\">\n\t\t\t\t\t\t<div class=\"elementor-container elementor-column-gap-default\">\n\t\t\t\t\t<div class=\"elementor-column elementor-col-100 elementor-top-column elementor-element elementor-element-331e83d\" data-id=\"331e83d\" data-element_type=\"column\" data-e-type=\"column\">\n\t\t\t<div class=\"elementor-widget-wrap elementor-element-populated\">\n\t\t\t\t\t\t<div class=\"elementor-element elementor-element-c95b6a0 elementor-widget elementor-widget-text-editor\" data-id=\"c95b6a0\" data-element_type=\"widget\" data-e-type=\"widget\" data-widget_type=\"text-editor.default\">\n\t\t\t\t<div class=\"elementor-widget-container\">\n\t\t\t\t\t\t\t\t\t<p>Composta por mec\u00e2nicos experientes, a nossa equipa assegura um r\u00e1pido diagn\u00f3stico a apresenta proposta de or\u00e7amento com vista a uma repara\u00e7\u00e3o no mais curto espa\u00e7o de tempo. Oferecemos um servi\u00e7o com uma das melhores rela\u00e7\u00f5es qualidade-pre\u00e7o do mercado. <strong>Fa\u00e7a a sua marca\u00e7\u00e3o <a href=\"https:\/\/www.aega.pt\/?page_id=59\">aqui<\/a>.<\/strong><\/p>\t\t\t\t\t\t\t\t<\/div>\n\t\t\t\t<\/div>\n\t\t\t\t\t<\/div>\n\t\t<\/div>\n\t\t\t\t\t<\/div>\n\t\t<\/section>\n\t\t\t\t<section class=\"elementor-section elementor-top-section elementor-element elementor-element-d4d2639 elementor-section-boxed elementor-section-height-default elementor-section-height-default\" data-id=\"d4d2639\" data-element_type=\"section\" data-e-type=\"section\">\n\t\t\t\t\t\t<div class=\"elementor-container elementor-column-gap-default\">\n\t\t\t\t\t<div class=\"elementor-column elementor-col-100 elementor-top-column elementor-element elementor-element-ae6d9fd\" data-id=\"ae6d9fd\" data-element_type=\"column\" data-e-type=\"column\">\n\t\t\t<div class=\"elementor-widget-wrap elementor-element-populated\">\n\t\t\t\t\t\t<div class=\"elementor-element elementor-element-716d7a5 elementor-widget elementor-widget-image\" data-id=\"716d7a5\" data-element_type=\"widget\" data-e-type=\"widget\" data-widget_type=\"image.default\">\n\t\t\t\t<div class=\"elementor-widget-container\">\n\t\t\t\t\t\t\t\t\t\t\t\t\t\t\t<img fetchpriority=\"high\" decoding=\"async\" width=\"2000\" height=\"1333\" src=\"https:\/\/www.aega.pt\/wp-content\/uploads\/2023\/01\/pexels-mathias-reding-9381013.jpg\" class=\"attachment-2048x2048 size-2048x2048 wp-image-460\" alt=\"\" srcset=\"https:\/\/www.aega.pt\/wp-content\/uploads\/2023\/01\/pexels-mathias-reding-9381013.jpg 2000w, https:\/\/www.aega.pt\/wp-content\/uploads\/2023\/01\/pexels-mathias-reding-9381013-300x200.jpg 300w, https:\/\/www.aega.pt\/wp-content\/uploads\/2023\/01\/pexels-mathias-reding-9381013-1024x682.jpg 1024w, https:\/\/www.aega.pt\/wp-content\/uploads\/2023\/01\/pexels-mathias-reding-9381013-768x512.jpg 768w, https:\/\/www.aega.pt\/wp-content\/uploads\/2023\/01\/pexels-mathias-reding-9381013-1536x1024.jpg 1536w\" sizes=\"(max-width: 2000px) 100vw, 2000px\" \/>\t\t\t\t\t\t\t\t\t\t\t\t\t\t\t<\/div>\n\t\t\t\t<\/div>\n\t\t\t\t\t<\/div>\n\t\t<\/div>\n\t\t\t\t\t<\/div>\n\t\t<\/section>\n\t\t\t\t<\/div>\n\t\t","protected":false},"excerpt":{"rendered":"<p>Surgiu uma avaria? Conte connosco. Composta por mec\u00e2nicos experientes, a nossa equipa assegura um r\u00e1pido diagn\u00f3stico a apresenta proposta de or\u00e7amento com vista a uma repara\u00e7\u00e3o no mais curto espa\u00e7o de tempo. Oferecemos um servi\u00e7o com uma das melhores rela\u00e7\u00f5es qualidade-pre\u00e7o do mercado. Fa\u00e7a a sua marca\u00e7\u00e3o aqui.<\/p>\n","protected":false},"author":2,"featured_media":0,"parent":0,"menu_order":0,"comment_status":"closed","ping_status":"closed","template":"","meta":{"footnotes":""},"class_list":["post-635","page","type-page","status-publish","hentry"],"_links":{"self":[{"href":"https:\/\/www.aega.pt\/index.php?rest_route=\/wp\/v2\/pages\/635","targetHints":{"allow":["GET"]}}],"collection":[{"href":"https:\/\/www.aega.pt\/index.php?rest_route=\/wp\/v2\/pages"}],"about":[{"href":"https:\/\/www.aega.pt\/index.php?rest_route=\/wp\/v2\/types\/page"}],"author":[{"embeddable":true,"href":"https:\/\/www.aega.pt\/index.php?rest_route=\/wp\/v2\/users\/2"}],"replies":[{"embeddable":true,"href":"https:\/\/www.aega.pt\/index.php?rest_route=%2Fwp%2Fv2%2Fcomments&post=635"}],"version-history":[{"count":32,"href":"https:\/\/www.aega.pt\/index.php?rest_route=\/wp\/v2\/pages\/635\/revisions"}],"predecessor-version":[{"id":1005,"href":"https:\/\/www.aega.pt\/index.php?rest_route=\/wp\/v2\/pages\/635\/revisions\/1005"}],"wp:attachment":[{"href":"https:\/\/www.aega.pt\/index.php?rest_route=%2Fwp%2Fv2%2Fmedia&parent=635"}],"curies":[{"name":"wp","href":"https:\/\/api.w.org\/{rel}","templated":true}]}}