{"id":61,"date":"2021-08-20T09:56:50","date_gmt":"2021-08-20T09:56:50","guid":{"rendered":"https:\/\/www.aega.ga\/?page_id=61"},"modified":"2023-02-28T23:42:12","modified_gmt":"2023-02-28T23:42:12","slug":"chapa-e-pintura","status":"publish","type":"page","link":"https:\/\/www.aega.pt\/?page_id=61","title":{"rendered":"Chapa e pintura"},"content":{"rendered":"\t\t<div data-elementor-type=\"wp-page\" data-elementor-id=\"61\" class=\"elementor elementor-61\">\n\t\t\t\t\t\t<section class=\"elementor-section elementor-top-section elementor-element elementor-element-5c4ce5f elementor-section-boxed elementor-section-height-default elementor-section-height-default\" data-id=\"5c4ce5f\" data-element_type=\"section\" data-e-type=\"section\">\n\t\t\t\t\t\t<div class=\"elementor-container elementor-column-gap-default\">\n\t\t\t\t\t<div class=\"elementor-column elementor-col-100 elementor-top-column elementor-element elementor-element-efc2f08\" data-id=\"efc2f08\" data-element_type=\"column\" data-e-type=\"column\">\n\t\t\t<div class=\"elementor-widget-wrap elementor-element-populated\">\n\t\t\t\t\t\t<div class=\"elementor-element elementor-element-5558886 elementor-widget elementor-widget-text-editor\" data-id=\"5558886\" data-element_type=\"widget\" data-e-type=\"widget\" data-widget_type=\"text-editor.default\">\n\t\t\t\t<div class=\"elementor-widget-container\">\n\t\t\t\t\t\t\t\t\t<p>Chapa amolgada? Pintura riscada? Os acidentes s\u00f3 n\u00e3o acontecem a quem n\u00e3o anda na estrada.\u00a0<\/p><p>Temos os melhores profissionais para cuidar da sua viatura e deix\u00e1-la como nova.\u00a0\u00a0<\/p><p><strong>Trabalhamos com todas as marcas<\/strong> para repor pe\u00e7as de origem ou com marcas brancas, para op\u00e7\u00f5es mais em conta. Sempre com a melhor qualidade.<\/p><p>Or\u00e7amentos gratuitos. Repara\u00e7\u00f5es no mais curto espa\u00e7o de tempo. <strong>Envie pedido <a href=\"https:\/\/www.aega.pt\/?page_id=59\">aqui<\/a>.<\/strong><\/p>\t\t\t\t\t\t\t\t<\/div>\n\t\t\t\t<\/div>\n\t\t\t\t\t<\/div>\n\t\t<\/div>\n\t\t\t\t\t<\/div>\n\t\t<\/section>\n\t\t\t\t<section class=\"elementor-section elementor-top-section elementor-element elementor-element-cd7f26b elementor-section-boxed elementor-section-height-default elementor-section-height-default\" data-id=\"cd7f26b\" data-element_type=\"section\" data-e-type=\"section\">\n\t\t\t\t\t\t<div class=\"elementor-container elementor-column-gap-default\">\n\t\t\t\t\t<div class=\"elementor-column elementor-col-100 elementor-top-column elementor-element elementor-element-14bae20\" data-id=\"14bae20\" data-element_type=\"column\" data-e-type=\"column\">\n\t\t\t<div class=\"elementor-widget-wrap elementor-element-populated\">\n\t\t\t\t\t\t<div class=\"elementor-element elementor-element-2905716 elementor-widget elementor-widget-image\" data-id=\"2905716\" data-element_type=\"widget\" data-e-type=\"widget\" data-widget_type=\"image.default\">\n\t\t\t\t<div class=\"elementor-widget-container\">\n\t\t\t\t\t\t\t\t\t\t\t\t\t\t\t<img decoding=\"async\" src=\"https:\/\/www.aega.pt\/wp-content\/uploads\/2023\/01\/headlamp-2940_1920-1-150x150.jpg\" title=\"headlamp-2940_1920\" alt=\"headlamp-2940_1920\" loading=\"lazy\" \/>\t\t\t\t\t\t\t\t\t\t\t\t\t\t\t<\/div>\n\t\t\t\t<\/div>\n\t\t\t\t\t<\/div>\n\t\t<\/div>\n\t\t\t\t\t<\/div>\n\t\t<\/section>\n\t\t\t\t<\/div>\n\t\t","protected":false},"excerpt":{"rendered":"<p>Chapa amolgada? Pintura riscada? Os acidentes s\u00f3 n\u00e3o acontecem a quem n\u00e3o anda na estrada.\u00a0 Temos os melhores profissionais para cuidar da sua viatura e deix\u00e1-la como nova.\u00a0\u00a0 Trabalhamos com todas as marcas para repor pe\u00e7as de origem ou com marcas brancas, para op\u00e7\u00f5es mais em conta. Sempre com a melhor qualidade. Or\u00e7amentos gratuitos. Repara\u00e7\u00f5es [&hellip;]<\/p>\n","protected":false},"author":1,"featured_media":0,"parent":0,"menu_order":0,"comment_status":"closed","ping_status":"closed","template":"","meta":{"footnotes":""},"class_list":["post-61","page","type-page","status-publish","hentry"],"_links":{"self":[{"href":"https:\/\/www.aega.pt\/index.php?rest_route=\/wp\/v2\/pages\/61","targetHints":{"allow":["GET"]}}],"collection":[{"href":"https:\/\/www.aega.pt\/index.php?rest_route=\/wp\/v2\/pages"}],"about":[{"href":"https:\/\/www.aega.pt\/index.php?rest_route=\/wp\/v2\/types\/page"}],"author":[{"embeddable":true,"href":"https:\/\/www.aega.pt\/index.php?rest_route=\/wp\/v2\/users\/1"}],"replies":[{"embeddable":true,"href":"https:\/\/www.aega.pt\/index.php?rest_route=%2Fwp%2Fv2%2Fcomments&post=61"}],"version-history":[{"count":19,"href":"https:\/\/www.aega.pt\/index.php?rest_route=\/wp\/v2\/pages\/61\/revisions"}],"predecessor-version":[{"id":999,"href":"https:\/\/www.aega.pt\/index.php?rest_route=\/wp\/v2\/pages\/61\/revisions\/999"}],"wp:attachment":[{"href":"https:\/\/www.aega.pt\/index.php?rest_route=%2Fwp%2Fv2%2Fmedia&parent=61"}],"curies":[{"name":"wp","href":"https:\/\/api.w.org\/{rel}","templated":true}]}}