{"id":60,"date":"2021-08-20T09:56:50","date_gmt":"2021-08-20T09:56:50","guid":{"rendered":"https:\/\/www.aega.ga\/?page_id=60"},"modified":"2023-02-28T23:46:53","modified_gmt":"2023-02-28T23:46:53","slug":"revisoes-e-inspecao-periodica-obrigatoria","status":"publish","type":"page","link":"https:\/\/www.aega.pt\/?page_id=60","title":{"rendered":"Revis\u00f5es e Inspe\u00e7\u00e3o Peri\u00f3dica Obrigat\u00f3ria"},"content":{"rendered":"\t\t<div data-elementor-type=\"wp-page\" data-elementor-id=\"60\" class=\"elementor elementor-60\">\n\t\t\t\t\t\t<section class=\"elementor-section elementor-top-section elementor-element elementor-element-d36bc9d elementor-section-boxed elementor-section-height-default elementor-section-height-default\" data-id=\"d36bc9d\" data-element_type=\"section\" data-e-type=\"section\">\n\t\t\t\t\t\t<div class=\"elementor-container elementor-column-gap-default\">\n\t\t\t\t\t<div class=\"elementor-column elementor-col-100 elementor-top-column elementor-element elementor-element-1029a4c\" data-id=\"1029a4c\" data-element_type=\"column\" data-e-type=\"column\">\n\t\t\t<div class=\"elementor-widget-wrap elementor-element-populated\">\n\t\t\t\t\t\t<div class=\"elementor-element elementor-element-5e69e80 elementor-widget elementor-widget-text-editor\" data-id=\"5e69e80\" data-element_type=\"widget\" data-e-type=\"widget\" data-widget_type=\"text-editor.default\">\n\t\t\t\t<div class=\"elementor-widget-container\">\n\t\t\t\t\t\t\t\t\t<p>Para garantir o melhor desempenho na estrada, todos os componentes da sua viatura devem estar em pleno funcionamento.<\/p><p>A revis\u00e3o nas datas e quilometragens previstas ajudam a manter a melhor performance do motor, caixa de velocidades,\u00a0 sistema de travagem, luzes, escape&#8230; da viatura em geral.\u00a0<\/p><p><strong>Temos um servi\u00e7o especializado de prepara\u00e7\u00e3o do ve\u00edculo para a IPO &#8211; Inspe\u00e7\u00e3o Peri\u00f3dica Obrigat\u00f3ria.\u00a0<\/strong><\/p><p>Pode ainda requerer o <strong>pacote completo sem preocupa\u00e7\u00f5es:\u00a0<\/strong> a equipa AEGA assegura a desloca\u00e7\u00e3o da viatura ao Centro de Inspe\u00e7\u00e3o Peri\u00f3dica Obrigat\u00f3ria. <strong>Fa\u00e7a j\u00e1 o seu pedido <a href=\"https:\/\/www.aega.pt\/?page_id=59\">aqui<\/a>.<\/strong><\/p><p><strong>Conte connosco.<\/strong><\/p>\t\t\t\t\t\t\t\t<\/div>\n\t\t\t\t<\/div>\n\t\t\t\t\t<\/div>\n\t\t<\/div>\n\t\t\t\t\t<\/div>\n\t\t<\/section>\n\t\t\t\t<section class=\"elementor-section elementor-top-section elementor-element elementor-element-78abe7b elementor-section-boxed elementor-section-height-default elementor-section-height-default\" data-id=\"78abe7b\" data-element_type=\"section\" data-e-type=\"section\">\n\t\t\t\t\t\t<div class=\"elementor-container elementor-column-gap-default\">\n\t\t\t\t\t<div class=\"elementor-column elementor-col-100 elementor-top-column elementor-element elementor-element-83fcd06\" data-id=\"83fcd06\" data-element_type=\"column\" data-e-type=\"column\">\n\t\t\t<div class=\"elementor-widget-wrap elementor-element-populated\">\n\t\t\t\t\t\t<div class=\"elementor-element elementor-element-547249a elementor-widget elementor-widget-image\" data-id=\"547249a\" data-element_type=\"widget\" data-e-type=\"widget\" data-widget_type=\"image.default\">\n\t\t\t\t<div class=\"elementor-widget-container\">\n\t\t\t\t\t\t\t\t\t\t\t\t\t\t\t<img fetchpriority=\"high\" decoding=\"async\" width=\"2000\" height=\"1333\" src=\"https:\/\/www.aega.pt\/wp-content\/uploads\/2023\/01\/pexels-mathias-reding-9381013.jpg\" class=\"attachment-2048x2048 size-2048x2048 wp-image-460\" alt=\"\" srcset=\"https:\/\/www.aega.pt\/wp-content\/uploads\/2023\/01\/pexels-mathias-reding-9381013.jpg 2000w, https:\/\/www.aega.pt\/wp-content\/uploads\/2023\/01\/pexels-mathias-reding-9381013-300x200.jpg 300w, https:\/\/www.aega.pt\/wp-content\/uploads\/2023\/01\/pexels-mathias-reding-9381013-1024x682.jpg 1024w, https:\/\/www.aega.pt\/wp-content\/uploads\/2023\/01\/pexels-mathias-reding-9381013-768x512.jpg 768w, https:\/\/www.aega.pt\/wp-content\/uploads\/2023\/01\/pexels-mathias-reding-9381013-1536x1024.jpg 1536w\" sizes=\"(max-width: 2000px) 100vw, 2000px\" \/>\t\t\t\t\t\t\t\t\t\t\t\t\t\t\t<\/div>\n\t\t\t\t<\/div>\n\t\t\t\t\t<\/div>\n\t\t<\/div>\n\t\t\t\t\t<\/div>\n\t\t<\/section>\n\t\t\t\t<\/div>\n\t\t","protected":false},"excerpt":{"rendered":"<p>Para garantir o melhor desempenho na estrada, todos os componentes da sua viatura devem estar em pleno funcionamento. A revis\u00e3o nas datas e quilometragens previstas ajudam a manter a melhor performance do motor, caixa de velocidades,\u00a0 sistema de travagem, luzes, escape&#8230; da viatura em geral.\u00a0 Temos um servi\u00e7o especializado de prepara\u00e7\u00e3o do ve\u00edculo para a [&hellip;]<\/p>\n","protected":false},"author":1,"featured_media":0,"parent":0,"menu_order":0,"comment_status":"closed","ping_status":"closed","template":"","meta":{"footnotes":""},"class_list":["post-60","page","type-page","status-publish","hentry"],"_links":{"self":[{"href":"https:\/\/www.aega.pt\/index.php?rest_route=\/wp\/v2\/pages\/60","targetHints":{"allow":["GET"]}}],"collection":[{"href":"https:\/\/www.aega.pt\/index.php?rest_route=\/wp\/v2\/pages"}],"about":[{"href":"https:\/\/www.aega.pt\/index.php?rest_route=\/wp\/v2\/types\/page"}],"author":[{"embeddable":true,"href":"https:\/\/www.aega.pt\/index.php?rest_route=\/wp\/v2\/users\/1"}],"replies":[{"embeddable":true,"href":"https:\/\/www.aega.pt\/index.php?rest_route=%2Fwp%2Fv2%2Fcomments&post=60"}],"version-history":[{"count":29,"href":"https:\/\/www.aega.pt\/index.php?rest_route=\/wp\/v2\/pages\/60\/revisions"}],"predecessor-version":[{"id":1011,"href":"https:\/\/www.aega.pt\/index.php?rest_route=\/wp\/v2\/pages\/60\/revisions\/1011"}],"wp:attachment":[{"href":"https:\/\/www.aega.pt\/index.php?rest_route=%2Fwp%2Fv2%2Fmedia&parent=60"}],"curies":[{"name":"wp","href":"https:\/\/api.w.org\/{rel}","templated":true}]}}