{"id":56,"date":"2021-08-20T09:56:50","date_gmt":"2021-08-20T09:56:50","guid":{"rendered":"https:\/\/www.aega.ga\/?page_id=56"},"modified":"2023-02-28T23:49:05","modified_gmt":"2023-02-28T23:49:05","slug":"servicos","status":"publish","type":"page","link":"https:\/\/www.aega.pt\/?page_id=56","title":{"rendered":"Servi\u00e7os"},"content":{"rendered":"\t\t<div data-elementor-type=\"wp-page\" data-elementor-id=\"56\" class=\"elementor elementor-56\">\n\t\t\t\t\t\t<section class=\"elementor-section elementor-top-section elementor-element elementor-element-3358ff8 elementor-section-boxed elementor-section-height-default elementor-section-height-default\" data-id=\"3358ff8\" data-element_type=\"section\" data-e-type=\"section\">\n\t\t\t\t\t\t<div class=\"elementor-container elementor-column-gap-default\">\n\t\t\t\t\t<div class=\"elementor-column elementor-col-100 elementor-top-column elementor-element elementor-element-fbab1da\" data-id=\"fbab1da\" data-element_type=\"column\" data-e-type=\"column\">\n\t\t\t<div class=\"elementor-widget-wrap elementor-element-populated\">\n\t\t\t\t\t\t<div class=\"elementor-element elementor-element-2a633fe elementor-widget elementor-widget-text-editor\" data-id=\"2a633fe\" data-element_type=\"widget\" data-e-type=\"widget\" data-widget_type=\"text-editor.default\">\n\t\t\t\t<div class=\"elementor-widget-container\">\n\t\t\t\t\t\t\t\t\t<p>A funcionar de segunda a sexta-feira, das 9h00 \u00e0s 18h00 temos ao seu dispor diversos servi\u00e7os em:<\/p><p>\u2022 <a href=\"https:\/\/www.aega.pt\/?page_id=59\">Ar condicionado<\/a><br \/>\u2022 <a href=\"https:\/\/www.aega.pt\/?page_id=59\">Eletricidade autom\u00f3vel<\/a><br \/>\u2022 <a href=\"https:\/\/www.aega.pt\/?page_id=59\">Mec\u00e2nica geral multimarca<\/a><br \/>\u2022 <a href=\"https:\/\/www.aega.pt\/?page_id=61\">Chapa e pintura<\/a><br \/>\u2022 <a href=\"https:\/\/www.aega.pt\/?page_id=59\">Revis\u00f5es<\/a><br \/>\u2022 <a href=\"https:\/\/www.aega.pt\/?page_id=59\">Prepara\u00e7\u00e3o para Inspe\u00e7\u00e3o Peri\u00f3dica Obrigat\u00f3ria<\/a><br \/>\u2022 <a href=\"https:\/\/www.aega.pt\/?page_id=59\">Substitui\u00e7\u00e3o de vidros<\/a><br \/>\u2022 <a href=\"https:\/\/www.aega.pt\/?page_id=78\">Pneus<\/a><\/p><p><strong>Trabalhamos com todas as seguradoras.<\/strong><\/p><p><strong>Or\u00e7amentos gratuitos.<\/strong><\/p><p><span style=\"text-decoration: underline;\"><strong>Conte com o nosso melhor servi\u00e7o. Marque <a href=\"https:\/\/www.aega.pt\/?page_id=59\">aqui<\/a>.<\/strong><\/span><\/p>\t\t\t\t\t\t\t\t<\/div>\n\t\t\t\t<\/div>\n\t\t\t\t\t<\/div>\n\t\t<\/div>\n\t\t\t\t\t<\/div>\n\t\t<\/section>\n\t\t\t\t<section class=\"elementor-section elementor-top-section elementor-element elementor-element-0cfddd7 elementor-section-boxed elementor-section-height-default elementor-section-height-default\" data-id=\"0cfddd7\" data-element_type=\"section\" data-e-type=\"section\">\n\t\t\t\t\t\t<div class=\"elementor-container elementor-column-gap-no\">\n\t\t\t\t\t<div class=\"elementor-column elementor-col-100 elementor-top-column elementor-element elementor-element-3ea0277\" data-id=\"3ea0277\" data-element_type=\"column\" data-e-type=\"column\">\n\t\t\t<div class=\"elementor-widget-wrap elementor-element-populated\">\n\t\t\t\t\t\t<div class=\"elementor-element elementor-element-467aa59 elementor-arrows-position-inside elementor-pagination-position-outside elementor-widget elementor-widget-image-carousel\" data-id=\"467aa59\" data-element_type=\"widget\" data-e-type=\"widget\" data-settings=\"{&quot;navigation&quot;:&quot;both&quot;,&quot;autoplay&quot;:&quot;yes&quot;,&quot;pause_on_hover&quot;:&quot;yes&quot;,&quot;pause_on_interaction&quot;:&quot;yes&quot;,&quot;autoplay_speed&quot;:5000,&quot;infinite&quot;:&quot;yes&quot;,&quot;speed&quot;:500}\" data-widget_type=\"image-carousel.default\">\n\t\t\t\t<div class=\"elementor-widget-container\">\n\t\t\t\t\t\t\t<div class=\"elementor-image-carousel-wrapper swiper\" role=\"region\" aria-roledescription=\"carousel\" aria-label=\"Image Carousel\" dir=\"ltr\">\n\t\t\t<div class=\"elementor-image-carousel swiper-wrapper\" aria-live=\"off\">\n\t\t\t\t\t\t\t\t<div class=\"swiper-slide\" role=\"group\" aria-roledescription=\"slide\" aria-label=\"1 of 6\"><figure class=\"swiper-slide-inner\"><img decoding=\"async\" class=\"swiper-slide-image\" src=\"https:\/\/www.aega.pt\/wp-content\/uploads\/2023\/01\/pexels-midia-4116193-150x150.jpg\" alt=\"pexels-m\u00eddia-4116193\" \/><\/figure><\/div><div class=\"swiper-slide\" role=\"group\" aria-roledescription=\"slide\" aria-label=\"2 of 6\"><figure class=\"swiper-slide-inner\"><img decoding=\"async\" class=\"swiper-slide-image\" src=\"https:\/\/www.aega.pt\/wp-content\/uploads\/2023\/01\/pexels-malte-luk-2244746-150x150.jpg\" alt=\"pexels-malte-luk-2244746\" \/><\/figure><\/div><div class=\"swiper-slide\" role=\"group\" aria-roledescription=\"slide\" aria-label=\"3 of 6\"><figure class=\"swiper-slide-inner\"><img decoding=\"async\" class=\"swiper-slide-image\" src=\"https:\/\/www.aega.pt\/wp-content\/uploads\/2023\/01\/pexels-andrea-piacquadio-3806249-1-150x150.jpg\" alt=\"pexels-andrea-piacquadio-3806249\" \/><\/figure><\/div><div class=\"swiper-slide\" role=\"group\" aria-roledescription=\"slide\" aria-label=\"4 of 6\"><figure class=\"swiper-slide-inner\"><img decoding=\"async\" class=\"swiper-slide-image\" src=\"https:\/\/www.aega.pt\/wp-content\/uploads\/2023\/01\/pexels-khunkorn-laowisit-5233262-1-150x150.jpg\" alt=\"pexels-khunkorn-laowisit-5233262\" \/><\/figure><\/div><div class=\"swiper-slide\" role=\"group\" aria-roledescription=\"slide\" aria-label=\"5 of 6\"><figure class=\"swiper-slide-inner\"><img decoding=\"async\" class=\"swiper-slide-image\" src=\"https:\/\/www.aega.pt\/wp-content\/uploads\/2023\/01\/glass-1749697_1920-150x150.jpg\" alt=\"glass-1749697_1920\" \/><\/figure><\/div><div class=\"swiper-slide\" role=\"group\" aria-roledescription=\"slide\" aria-label=\"6 of 6\"><figure class=\"swiper-slide-inner\"><img decoding=\"async\" class=\"swiper-slide-image\" src=\"https:\/\/www.aega.pt\/wp-content\/uploads\/2023\/01\/pexels-midia-4116207-150x150.jpg\" alt=\"pexels-m\u00eddia-4116207\" \/><\/figure><\/div>\t\t\t<\/div>\n\t\t\t\t\t\t\t\t\t\t\t\t<div class=\"elementor-swiper-button elementor-swiper-button-prev\" role=\"button\" tabindex=\"0\">\n\t\t\t\t\t\t<i aria-hidden=\"true\" class=\"eicon-chevron-left\"><\/i>\t\t\t\t\t<\/div>\n\t\t\t\t\t<div class=\"elementor-swiper-button elementor-swiper-button-next\" role=\"button\" tabindex=\"0\">\n\t\t\t\t\t\t<i aria-hidden=\"true\" class=\"eicon-chevron-right\"><\/i>\t\t\t\t\t<\/div>\n\t\t\t\t\n\t\t\t\t\t\t\t\t\t<div class=\"swiper-pagination\"><\/div>\n\t\t\t\t\t\t\t\t\t<\/div>\n\t\t\t\t\t\t<\/div>\n\t\t\t\t<\/div>\n\t\t\t\t\t<\/div>\n\t\t<\/div>\n\t\t\t\t\t<\/div>\n\t\t<\/section>\n\t\t\t\t<\/div>\n\t\t","protected":false},"excerpt":{"rendered":"<p>A funcionar de segunda a sexta-feira, das 9h00 \u00e0s 18h00 temos ao seu dispor diversos servi\u00e7os em: \u2022 Ar condicionado\u2022 Eletricidade autom\u00f3vel\u2022 Mec\u00e2nica geral multimarca\u2022 Chapa e pintura\u2022 Revis\u00f5es\u2022 Prepara\u00e7\u00e3o para Inspe\u00e7\u00e3o Peri\u00f3dica Obrigat\u00f3ria\u2022 Substitui\u00e7\u00e3o de vidros\u2022 Pneus Trabalhamos com todas as seguradoras. Or\u00e7amentos gratuitos. Conte com o nosso melhor servi\u00e7o. Marque aqui. Previous Next<\/p>\n","protected":false},"author":1,"featured_media":0,"parent":0,"menu_order":0,"comment_status":"closed","ping_status":"closed","template":"","meta":{"footnotes":""},"class_list":["post-56","page","type-page","status-publish","hentry"],"_links":{"self":[{"href":"https:\/\/www.aega.pt\/index.php?rest_route=\/wp\/v2\/pages\/56","targetHints":{"allow":["GET"]}}],"collection":[{"href":"https:\/\/www.aega.pt\/index.php?rest_route=\/wp\/v2\/pages"}],"about":[{"href":"https:\/\/www.aega.pt\/index.php?rest_route=\/wp\/v2\/types\/page"}],"author":[{"embeddable":true,"href":"https:\/\/www.aega.pt\/index.php?rest_route=\/wp\/v2\/users\/1"}],"replies":[{"embeddable":true,"href":"https:\/\/www.aega.pt\/index.php?rest_route=%2Fwp%2Fv2%2Fcomments&post=56"}],"version-history":[{"count":28,"href":"https:\/\/www.aega.pt\/index.php?rest_route=\/wp\/v2\/pages\/56\/revisions"}],"predecessor-version":[{"id":1017,"href":"https:\/\/www.aega.pt\/index.php?rest_route=\/wp\/v2\/pages\/56\/revisions\/1017"}],"wp:attachment":[{"href":"https:\/\/www.aega.pt\/index.php?rest_route=%2Fwp%2Fv2%2Fmedia&parent=56"}],"curies":[{"name":"wp","href":"https:\/\/api.w.org\/{rel}","templated":true}]}}